{"id":480,"date":"2023-03-15T00:27:17","date_gmt":"2023-03-15T00:27:17","guid":{"rendered":"https:\/\/ngmlogistics.com\/?page_id=480"},"modified":"2023-03-31T19:26:17","modified_gmt":"2023-03-31T19:26:17","slug":"autres-services","status":"publish","type":"page","link":"https:\/\/ngmlogistics.com\/en\/autres-services\/","title":{"rendered":"Other services"},"content":{"rendered":"<div data-elementor-type=\"wp-page\" data-elementor-id=\"480\" class=\"elementor elementor-480\">\n\t\t\t\t\t\t<section class=\"elementor-section elementor-top-section elementor-element elementor-element-70f2bf5e elementor-section-boxed elementor-section-height-default elementor-section-height-default\" data-id=\"70f2bf5e\" data-element_type=\"section\" data-e-type=\"section\" data-settings=\"{&quot;background_background&quot;:&quot;classic&quot;}\">\n\t\t\t\t\t\t<div class=\"elementor-container elementor-column-gap-default\">\n\t\t\t\t\t<div class=\"elementor-column elementor-col-100 elementor-top-column elementor-element elementor-element-6ed3b613\" data-id=\"6ed3b613\" data-element_type=\"column\" data-e-type=\"column\" data-settings=\"{&quot;background_background&quot;:&quot;classic&quot;}\">\n\t\t\t<div class=\"elementor-widget-wrap elementor-element-populated\">\n\t\t\t\t\t\t<div class=\"elementor-element elementor-element-75d37c6a elementor-widget elementor-widget-heading\" data-id=\"75d37c6a\" data-element_type=\"widget\" data-e-type=\"widget\" data-widget_type=\"heading.default\">\n\t\t\t\t<div class=\"elementor-widget-container\">\n\t\t\t\t\t<h2 class=\"elementor-heading-title elementor-size-default\">Other services<\/h2>\t\t\t\t<\/div>\n\t\t\t\t<\/div>\n\t\t\t\t\t<\/div>\n\t\t<\/div>\n\t\t\t\t\t<\/div>\n\t\t<\/section>\n\t\t\t\t<section class=\"elementor-section elementor-top-section elementor-element elementor-element-33dff25 elementor-section-boxed elementor-section-height-default elementor-section-height-default\" data-id=\"33dff25\" data-element_type=\"section\" data-e-type=\"section\">\n\t\t\t\t\t\t<div class=\"elementor-container elementor-column-gap-default\">\n\t\t\t\t\t<div class=\"elementor-column elementor-col-100 elementor-top-column elementor-element elementor-element-55741f14\" data-id=\"55741f14\" data-element_type=\"column\" data-e-type=\"column\">\n\t\t\t<div class=\"elementor-widget-wrap elementor-element-populated\">\n\t\t\t\t\t\t<div class=\"elementor-element elementor-element-387327a3 elementor-widget elementor-widget-spacer\" data-id=\"387327a3\" data-element_type=\"widget\" data-e-type=\"widget\" data-widget_type=\"spacer.default\">\n\t\t\t\t<div class=\"elementor-widget-container\">\n\t\t\t\t\t\t\t<div class=\"elementor-spacer\">\n\t\t\t<div class=\"elementor-spacer-inner\"><\/div>\n\t\t<\/div>\n\t\t\t\t\t\t<\/div>\n\t\t\t\t<\/div>\n\t\t\t\t\t<\/div>\n\t\t<\/div>\n\t\t\t\t\t<\/div>\n\t\t<\/section>\n\t\t\t\t<section class=\"elementor-section elementor-top-section elementor-element elementor-element-18e2b40 elementor-section-boxed elementor-section-height-default elementor-section-height-default\" data-id=\"18e2b40\" data-element_type=\"section\" data-e-type=\"section\" data-settings=\"{&quot;background_background&quot;:&quot;classic&quot;}\">\n\t\t\t\t\t\t<div class=\"elementor-container elementor-column-gap-default\">\n\t\t\t\t\t<div class=\"elementor-column elementor-col-100 elementor-top-column elementor-element elementor-element-27601c41\" data-id=\"27601c41\" data-element_type=\"column\" data-e-type=\"column\">\n\t\t\t<div class=\"elementor-widget-wrap elementor-element-populated\">\n\t\t\t\t\t\t<div class=\"elementor-element elementor-element-64d54f1a elementor-invisible elementor-widget elementor-widget-text-editor\" data-id=\"64d54f1a\" data-element_type=\"widget\" data-e-type=\"widget\" data-settings=\"{&quot;_animation&quot;:&quot;fadeInDown&quot;}\" data-widget_type=\"text-editor.default\">\n\t\t\t\t<div class=\"elementor-widget-container\">\n\t\t\t\t\t\t\t\t\t<p>We are a world-class logistics company specializing in providing end-to-end transportation and logistics solutions for our customers around the globe. We pride ourselves on our commitment to superior service and customer confidence.<\/p>\t\t\t\t\t\t\t\t<\/div>\n\t\t\t\t<\/div>\n\t\t\t\t\t<\/div>\n\t\t<\/div>\n\t\t\t\t\t<\/div>\n\t\t<\/section>\n\t\t\t\t<section class=\"elementor-section elementor-top-section elementor-element elementor-element-43f64c5a elementor-section-boxed elementor-section-height-default elementor-section-height-default\" data-id=\"43f64c5a\" data-element_type=\"section\" data-e-type=\"section\">\n\t\t\t\t\t\t<div class=\"elementor-container elementor-column-gap-default\">\n\t\t\t\t\t<div class=\"elementor-column elementor-col-100 elementor-top-column elementor-element elementor-element-4845a5e6\" data-id=\"4845a5e6\" data-element_type=\"column\" data-e-type=\"column\">\n\t\t\t<div class=\"elementor-widget-wrap elementor-element-populated\">\n\t\t\t\t\t\t<div class=\"elementor-element elementor-element-450a54c1 elementor-widget elementor-widget-eael-adv-tabs\" data-id=\"450a54c1\" data-element_type=\"widget\" data-e-type=\"widget\" data-widget_type=\"eael-adv-tabs.default\">\n\t\t\t\t<div class=\"elementor-widget-container\">\n\t\t\t\t\t        <div data-scroll-on-click=\"no\" data-scroll-speed=\"300\" id=\"eael-advance-tabs-450a54c1\" class=\"eael-advance-tabs eael-tabs-horizontal eael-tab-auto-active  responsive-vertical-layout\" data-tabid=\"450a54c1\">\n            <div class=\"eael-tabs-nav\">\n                <ul class=\"eael-tab-inline-icon\" role=\"tablist\">\n                                            <li id=\"centrale-dachat\" class=\"inactive eael-tab-item-trigger eael-tab-nav-item\" aria-selected=\"true\" data-tab=\"1\" role=\"tab\" tabindex=\"0\" aria-controls=\"centrale-dachat-tab\" aria-expanded=\"false\">\n                            \n                                                                <i class=\"fas fa-shopping-cart\"><\/i>                                                            \n                                                            <span class=\"eael-tab-title title-after-icon\" >Centrale d&#8217;Achat<\/span>                            \n                                                    <\/li>\n                                            <li id=\"conseils\" class=\"inactive eael-tab-item-trigger eael-tab-nav-item\" aria-selected=\"false\" data-tab=\"2\" role=\"tab\" tabindex=\"-1\" aria-controls=\"conseils-tab\" aria-expanded=\"false\">\n                            \n                                                                <i class=\"far fa-lightbulb\"><\/i>                                                            \n                                                            <span class=\"eael-tab-title title-after-icon\" >Advice<\/span>                            \n                                                    <\/li>\n                    \n                                  <\/ul>\n            <\/div>\n            \n            <div class=\"eael-tabs-content\">\n\t\t        \n                    <div id=\"centrale-dachat-tab\" class=\"clearfix eael-tab-content-item inactive\" data-title-link=\"centrale-dachat-tab\">\n\t\t\t\t        <p>Notre service de centrale d&#8217;achat est con\u00e7u pour aider nos clients \u00e0 r\u00e9duire les co\u00fbts de transport en achetant des marchandises en gros. Nous avons des accords avec des fournisseurs du monde entier pour offrir des solutions d&#8217;approvisionnement rentables \u00e0 nos clients.<\/p>                    <\/div>\n\t\t        \n                    <div id=\"conseils-tab\" class=\"clearfix eael-tab-content-item inactive\" data-title-link=\"conseils-tab\">\n\t\t\t\t        <p>Notre service de conseil est con\u00e7u pour aider nos clients \u00e0 am\u00e9liorer leur cha\u00eene d&#8217;approvisionnement et leur strat\u00e9gie de transport. Nous offrons des services de conseil en logistique pour aider nos clients a \u00eatre mieux orienter et faire les meilleurs choix.<\/p>                    <\/div>\n\t\t                    <\/div>\n        <\/div>\n\t\t\t\t<\/div>\n\t\t\t\t<\/div>\n\t\t\t\t\t<\/div>\n\t\t<\/div>\n\t\t\t\t\t<\/div>\n\t\t<\/section>\n\t\t\t\t<\/div>","protected":false},"excerpt":{"rendered":"<p>Autres Services Nous sommes une entreprise de logistique de renomm\u00e9e internationale, sp\u00e9cialis\u00e9e dans la fourniture de solutions de transport et de logistique de bout en bout pour nos clients \u00e0 travers le monde. Nous sommes fiers de notre engagement \u00e0 offrir des services de qualit\u00e9 sup\u00e9rieure et \u00e0 mettre nos clients en confiance. Centrale d&rsquo;Achat &#8230; <a title=\"Other services\" class=\"read-more\" href=\"https:\/\/ngmlogistics.com\/en\/autres-services\/\" aria-label=\"Read more about Autres Services\">Read more<\/a><\/p>","protected":false},"author":1,"featured_media":0,"parent":0,"menu_order":0,"comment_status":"closed","ping_status":"closed","template":"elementor_header_footer","meta":{"footnotes":""},"class_list":["post-480","page","type-page","status-publish"],"aioseo_notices":[],"_links":{"self":[{"href":"https:\/\/ngmlogistics.com\/en\/wp-json\/wp\/v2\/pages\/480","targetHints":{"allow":["GET"]}}],"collection":[{"href":"https:\/\/ngmlogistics.com\/en\/wp-json\/wp\/v2\/pages"}],"about":[{"href":"https:\/\/ngmlogistics.com\/en\/wp-json\/wp\/v2\/types\/page"}],"author":[{"embeddable":true,"href":"https:\/\/ngmlogistics.com\/en\/wp-json\/wp\/v2\/users\/1"}],"replies":[{"embeddable":true,"href":"https:\/\/ngmlogistics.com\/en\/wp-json\/wp\/v2\/comments?post=480"}],"version-history":[{"count":13,"href":"https:\/\/ngmlogistics.com\/en\/wp-json\/wp\/v2\/pages\/480\/revisions"}],"predecessor-version":[{"id":887,"href":"https:\/\/ngmlogistics.com\/en\/wp-json\/wp\/v2\/pages\/480\/revisions\/887"}],"wp:attachment":[{"href":"https:\/\/ngmlogistics.com\/en\/wp-json\/wp\/v2\/media?parent=480"}],"curies":[{"name":"wp","href":"https:\/\/api.w.org\/{rel}","templated":true}]}}