{"id":467,"date":"2023-03-15T00:17:48","date_gmt":"2023-03-15T00:17:48","guid":{"rendered":"https:\/\/ngmlogistics.com\/?page_id=467"},"modified":"2023-03-31T19:30:50","modified_gmt":"2023-03-31T19:30:50","slug":"douane","status":"publish","type":"page","link":"https:\/\/ngmlogistics.com\/en\/douane\/","title":{"rendered":"Customs"},"content":{"rendered":"<div data-elementor-type=\"wp-page\" data-elementor-id=\"467\" class=\"elementor elementor-467\">\n\t\t\t\t\t\t<section class=\"elementor-section elementor-top-section elementor-element elementor-element-186db87a elementor-section-boxed elementor-section-height-default elementor-section-height-default\" data-id=\"186db87a\" data-element_type=\"section\" data-e-type=\"section\" data-settings=\"{&quot;background_background&quot;:&quot;classic&quot;}\">\n\t\t\t\t\t\t<div class=\"elementor-container elementor-column-gap-default\">\n\t\t\t\t\t<div class=\"elementor-column elementor-col-100 elementor-top-column elementor-element elementor-element-3e03cb3c\" data-id=\"3e03cb3c\" data-element_type=\"column\" data-e-type=\"column\" data-settings=\"{&quot;background_background&quot;:&quot;classic&quot;}\">\n\t\t\t<div class=\"elementor-widget-wrap elementor-element-populated\">\n\t\t\t\t\t\t<div class=\"elementor-element elementor-element-15dbfa4 elementor-widget elementor-widget-heading\" data-id=\"15dbfa4\" data-element_type=\"widget\" data-e-type=\"widget\" data-widget_type=\"heading.default\">\n\t\t\t\t<div class=\"elementor-widget-container\">\n\t\t\t\t\t<h2 class=\"elementor-heading-title elementor-size-default\">Customs<\/h2>\t\t\t\t<\/div>\n\t\t\t\t<\/div>\n\t\t\t\t\t<\/div>\n\t\t<\/div>\n\t\t\t\t\t<\/div>\n\t\t<\/section>\n\t\t\t\t<section class=\"elementor-section elementor-top-section elementor-element elementor-element-dce573 elementor-section-boxed elementor-section-height-default elementor-section-height-default\" data-id=\"dce573\" data-element_type=\"section\" data-e-type=\"section\">\n\t\t\t\t\t\t<div class=\"elementor-container elementor-column-gap-default\">\n\t\t\t\t\t<div class=\"elementor-column elementor-col-100 elementor-top-column elementor-element elementor-element-5ef89ba8\" data-id=\"5ef89ba8\" data-element_type=\"column\" data-e-type=\"column\">\n\t\t\t<div class=\"elementor-widget-wrap elementor-element-populated\">\n\t\t\t\t\t\t<div class=\"elementor-element elementor-element-5ef113d1 elementor-widget elementor-widget-spacer\" data-id=\"5ef113d1\" data-element_type=\"widget\" data-e-type=\"widget\" data-widget_type=\"spacer.default\">\n\t\t\t\t<div class=\"elementor-widget-container\">\n\t\t\t\t\t\t\t<div class=\"elementor-spacer\">\n\t\t\t<div class=\"elementor-spacer-inner\"><\/div>\n\t\t<\/div>\n\t\t\t\t\t\t<\/div>\n\t\t\t\t<\/div>\n\t\t\t\t\t<\/div>\n\t\t<\/div>\n\t\t\t\t\t<\/div>\n\t\t<\/section>\n\t\t\t\t<section class=\"elementor-section elementor-top-section elementor-element elementor-element-7ddcc652 elementor-section-boxed elementor-section-height-default elementor-section-height-default\" data-id=\"7ddcc652\" data-element_type=\"section\" data-e-type=\"section\" data-settings=\"{&quot;background_background&quot;:&quot;classic&quot;}\">\n\t\t\t\t\t\t<div class=\"elementor-container elementor-column-gap-default\">\n\t\t\t\t\t<div class=\"elementor-column elementor-col-100 elementor-top-column elementor-element elementor-element-30a182ee\" data-id=\"30a182ee\" data-element_type=\"column\" data-e-type=\"column\">\n\t\t\t<div class=\"elementor-widget-wrap elementor-element-populated\">\n\t\t\t\t\t\t<div class=\"elementor-element elementor-element-55affbc2 elementor-invisible elementor-widget elementor-widget-text-editor\" data-id=\"55affbc2\" data-element_type=\"widget\" data-e-type=\"widget\" data-settings=\"{&quot;_animation&quot;:&quot;fadeInDown&quot;}\" data-widget_type=\"text-editor.default\">\n\t\t\t\t<div class=\"elementor-widget-container\">\n\t\t\t\t\t\t\t\t\t<p>Our customs service is designed to facilitate the movement of your goods across borders. We offer customs clearance services for imports and exports, as well as bonded warehouse solutions for shipments in transit. We also offer duty and tax payment services to help our clients save money and avoid costly delays.<\/p>\t\t\t\t\t\t\t\t<\/div>\n\t\t\t\t<\/div>\n\t\t\t\t\t<\/div>\n\t\t<\/div>\n\t\t\t\t\t<\/div>\n\t\t<\/section>\n\t\t\t\t<section class=\"elementor-section elementor-top-section elementor-element elementor-element-f7cc293 elementor-section-boxed elementor-section-height-default elementor-section-height-default\" data-id=\"f7cc293\" data-element_type=\"section\" data-e-type=\"section\">\n\t\t\t\t\t\t<div class=\"elementor-container elementor-column-gap-default\">\n\t\t\t\t\t<div class=\"elementor-column elementor-col-100 elementor-top-column elementor-element elementor-element-1e6f8060\" data-id=\"1e6f8060\" data-element_type=\"column\" data-e-type=\"column\">\n\t\t\t<div class=\"elementor-widget-wrap elementor-element-populated\">\n\t\t\t\t\t\t<div class=\"elementor-element elementor-element-54428408 elementor-widget elementor-widget-eael-adv-tabs\" data-id=\"54428408\" data-element_type=\"widget\" data-e-type=\"widget\" data-widget_type=\"eael-adv-tabs.default\">\n\t\t\t\t<div class=\"elementor-widget-container\">\n\t\t\t\t\t        <div data-scroll-on-click=\"no\" data-scroll-speed=\"300\" id=\"eael-advance-tabs-54428408\" class=\"eael-advance-tabs eael-tabs-horizontal eael-tab-auto-active  responsive-vertical-layout\" data-tabid=\"54428408\">\n            <div class=\"eael-tabs-nav\">\n                <ul class=\"eael-tab-inline-icon\" role=\"tablist\">\n                                            <li id=\"formalit-douanire\" class=\"inactive eael-tab-item-trigger eael-tab-nav-item\" aria-selected=\"true\" data-tab=\"1\" role=\"tab\" tabindex=\"0\" aria-controls=\"formalit-douanire-tab\" aria-expanded=\"false\">\n                            \n                                                                <i class=\"fas fa-file-alt\"><\/i>                                                            \n                                                            <span class=\"eael-tab-title title-after-icon\" >Customs Formality<\/span>                            \n                                                    <\/li>\n                                            <li id=\"formalit-import-export\" class=\"inactive eael-tab-item-trigger eael-tab-nav-item\" aria-selected=\"false\" data-tab=\"2\" role=\"tab\" tabindex=\"-1\" aria-controls=\"formalit-import-export-tab\" aria-expanded=\"false\">\n                            \n                                                                <i class=\"fas fa-exchange-alt\"><\/i>                                                            \n                                                            <span class=\"eael-tab-title title-after-icon\" >Import - Export Formality<\/span>                            \n                                                    <\/li>\n                                            <li id=\"entrept-sous-douane-et-suivie\" class=\"inactive eael-tab-item-trigger eael-tab-nav-item\" aria-selected=\"false\" data-tab=\"3\" role=\"tab\" tabindex=\"-1\" aria-controls=\"entrept-sous-douane-et-suivie-tab\" aria-expanded=\"false\">\n                            \n                                                                <i class=\"fas fa-store\"><\/i>                                                            \n                                                            <span class=\"eael-tab-title title-after-icon\" >Bonded Warehouse and Tracking<\/span>                            \n                                                    <\/li>\n                                            <li id=\"paiement-des-droits-et-taxes\" class=\"inactive eael-tab-item-trigger eael-tab-nav-item\" aria-selected=\"false\" data-tab=\"4\" role=\"tab\" tabindex=\"-1\" aria-controls=\"paiement-des-droits-et-taxes-tab\" aria-expanded=\"false\">\n                            \n                                                                <i class=\"fas fa-money-bill\"><\/i>                                                            \n                                                            <span class=\"eael-tab-title title-after-icon\" >Payment of duties and taxes<\/span>                            \n                                                    <\/li>\n                    \n                                  <\/ul>\n            <\/div>\n            \n            <div class=\"eael-tabs-content\">\n\t\t        \n                    <div id=\"formalit-douanire-tab\" class=\"clearfix eael-tab-content-item inactive\" data-title-link=\"formalit-douanire-tab\">\n\t\t\t\t                            <\/div>\n\t\t        \n                    <div id=\"formalit-import-export-tab\" class=\"clearfix eael-tab-content-item inactive\" data-title-link=\"formalit-import-export-tab\">\n\t\t\t\t                            <\/div>\n\t\t        \n                    <div id=\"entrept-sous-douane-et-suivie-tab\" class=\"clearfix eael-tab-content-item inactive\" data-title-link=\"entrept-sous-douane-et-suivie-tab\">\n\t\t\t\t                            <\/div>\n\t\t        \n                    <div id=\"paiement-des-droits-et-taxes-tab\" class=\"clearfix eael-tab-content-item inactive\" data-title-link=\"paiement-des-droits-et-taxes-tab\">\n\t\t\t\t                            <\/div>\n\t\t                    <\/div>\n        <\/div>\n\t\t\t\t<\/div>\n\t\t\t\t<\/div>\n\t\t\t\t\t<\/div>\n\t\t<\/div>\n\t\t\t\t\t<\/div>\n\t\t<\/section>\n\t\t\t\t<\/div>","protected":false},"excerpt":{"rendered":"<p>Douane Notre service de douane est con\u00e7u pour faciliter le passage de vos marchandises \u00e0 travers les fronti\u00e8res. Nous offrons des services de formalit\u00e9s douani\u00e8res pour les importations et les exportations, ainsi que des solutions de stockage en entrep\u00f4t douanier pour les envois en transit. Nous offrons \u00e9galement des services de paiement des droits et &#8230; <a title=\"Customs\" class=\"read-more\" href=\"https:\/\/ngmlogistics.com\/en\/douane\/\" aria-label=\"Read more about Douane\">Read more<\/a><\/p>","protected":false},"author":1,"featured_media":0,"parent":0,"menu_order":0,"comment_status":"closed","ping_status":"closed","template":"elementor_header_footer","meta":{"footnotes":""},"class_list":["post-467","page","type-page","status-publish"],"aioseo_notices":[],"_links":{"self":[{"href":"https:\/\/ngmlogistics.com\/en\/wp-json\/wp\/v2\/pages\/467","targetHints":{"allow":["GET"]}}],"collection":[{"href":"https:\/\/ngmlogistics.com\/en\/wp-json\/wp\/v2\/pages"}],"about":[{"href":"https:\/\/ngmlogistics.com\/en\/wp-json\/wp\/v2\/types\/page"}],"author":[{"embeddable":true,"href":"https:\/\/ngmlogistics.com\/en\/wp-json\/wp\/v2\/users\/1"}],"replies":[{"embeddable":true,"href":"https:\/\/ngmlogistics.com\/en\/wp-json\/wp\/v2\/comments?post=467"}],"version-history":[{"count":19,"href":"https:\/\/ngmlogistics.com\/en\/wp-json\/wp\/v2\/pages\/467\/revisions"}],"predecessor-version":[{"id":890,"href":"https:\/\/ngmlogistics.com\/en\/wp-json\/wp\/v2\/pages\/467\/revisions\/890"}],"wp:attachment":[{"href":"https:\/\/ngmlogistics.com\/en\/wp-json\/wp\/v2\/media?parent=467"}],"curies":[{"name":"wp","href":"https:\/\/api.w.org\/{rel}","templated":true}]}}