{"id":424,"date":"2023-03-14T15:55:35","date_gmt":"2023-03-14T15:55:35","guid":{"rendered":"https:\/\/ngmlogistics.com\/?page_id=424"},"modified":"2023-03-31T19:31:38","modified_gmt":"2023-03-31T19:31:38","slug":"transport-multimodal","status":"publish","type":"page","link":"https:\/\/ngmlogistics.com\/en\/transport-multimodal\/","title":{"rendered":"Transport multimodal"},"content":{"rendered":"<div data-elementor-type=\"wp-page\" data-elementor-id=\"424\" class=\"elementor elementor-424\">\n\t\t\t\t\t\t<section class=\"elementor-section elementor-top-section elementor-element elementor-element-651a571 elementor-section-boxed elementor-section-height-default elementor-section-height-default\" data-id=\"651a571\" data-element_type=\"section\" data-e-type=\"section\" data-settings=\"{&quot;background_background&quot;:&quot;classic&quot;}\">\n\t\t\t\t\t\t<div class=\"elementor-container elementor-column-gap-default\">\n\t\t\t\t\t<div class=\"elementor-column elementor-col-100 elementor-top-column elementor-element elementor-element-1e7deab\" data-id=\"1e7deab\" data-element_type=\"column\" data-e-type=\"column\" data-settings=\"{&quot;background_background&quot;:&quot;classic&quot;}\">\n\t\t\t<div class=\"elementor-widget-wrap elementor-element-populated\">\n\t\t\t\t\t\t<div class=\"elementor-element elementor-element-eb2eba4 elementor-widget elementor-widget-heading\" data-id=\"eb2eba4\" data-element_type=\"widget\" data-e-type=\"widget\" data-widget_type=\"heading.default\">\n\t\t\t\t<div class=\"elementor-widget-container\">\n\t\t\t\t\t<h2 class=\"elementor-heading-title elementor-size-default\">Multimodal Transport<\/h2>\t\t\t\t<\/div>\n\t\t\t\t<\/div>\n\t\t\t\t\t<\/div>\n\t\t<\/div>\n\t\t\t\t\t<\/div>\n\t\t<\/section>\n\t\t\t\t<section class=\"elementor-section elementor-top-section elementor-element elementor-element-9ac093a elementor-section-boxed elementor-section-height-default elementor-section-height-default\" data-id=\"9ac093a\" data-element_type=\"section\" data-e-type=\"section\">\n\t\t\t\t\t\t<div class=\"elementor-container elementor-column-gap-default\">\n\t\t\t\t\t<div class=\"elementor-column elementor-col-100 elementor-top-column elementor-element elementor-element-856e332\" data-id=\"856e332\" data-element_type=\"column\" data-e-type=\"column\">\n\t\t\t<div class=\"elementor-widget-wrap elementor-element-populated\">\n\t\t\t\t\t\t<div class=\"elementor-element elementor-element-ae7b1fa elementor-widget elementor-widget-spacer\" data-id=\"ae7b1fa\" data-element_type=\"widget\" data-e-type=\"widget\" data-widget_type=\"spacer.default\">\n\t\t\t\t<div class=\"elementor-widget-container\">\n\t\t\t\t\t\t\t<div class=\"elementor-spacer\">\n\t\t\t<div class=\"elementor-spacer-inner\"><\/div>\n\t\t<\/div>\n\t\t\t\t\t\t<\/div>\n\t\t\t\t<\/div>\n\t\t\t\t\t<\/div>\n\t\t<\/div>\n\t\t\t\t\t<\/div>\n\t\t<\/section>\n\t\t\t\t<section class=\"elementor-section elementor-top-section elementor-element elementor-element-e01baf5 elementor-section-boxed elementor-section-height-default elementor-section-height-default\" data-id=\"e01baf5\" data-element_type=\"section\" data-e-type=\"section\" data-settings=\"{&quot;background_background&quot;:&quot;classic&quot;}\">\n\t\t\t\t\t\t<div class=\"elementor-container elementor-column-gap-default\">\n\t\t\t\t\t<div class=\"elementor-column elementor-col-100 elementor-top-column elementor-element elementor-element-198214f\" data-id=\"198214f\" data-element_type=\"column\" data-e-type=\"column\">\n\t\t\t<div class=\"elementor-widget-wrap elementor-element-populated\">\n\t\t\t\t\t\t<div class=\"elementor-element elementor-element-715a56e elementor-invisible elementor-widget elementor-widget-text-editor\" data-id=\"715a56e\" data-element_type=\"widget\" data-e-type=\"widget\" data-settings=\"{&quot;_animation&quot;:&quot;fadeInDown&quot;}\" data-widget_type=\"text-editor.default\">\n\t\t\t\t<div class=\"elementor-widget-container\">\n\t\t\t\t\t\t\t\t\t<p>Our multi-modal transportation service is designed to facilitate the movement of goods around the world. We offer air, ocean, road and rail solutions to meet our customers' transportation needs. We work closely with carriers to ensure that your goods arrive at their destination safely and on time. We also offer real-time tracking solutions to help you track your goods while in transit.<\/p>\t\t\t\t\t\t\t\t<\/div>\n\t\t\t\t<\/div>\n\t\t\t\t\t<\/div>\n\t\t<\/div>\n\t\t\t\t\t<\/div>\n\t\t<\/section>\n\t\t\t\t<section class=\"elementor-section elementor-top-section elementor-element elementor-element-bbba43c elementor-section-boxed elementor-section-height-default elementor-section-height-default\" data-id=\"bbba43c\" data-element_type=\"section\" data-e-type=\"section\">\n\t\t\t\t\t\t<div class=\"elementor-container elementor-column-gap-default\">\n\t\t\t\t\t<div class=\"elementor-column elementor-col-100 elementor-top-column elementor-element elementor-element-463a79e\" data-id=\"463a79e\" data-element_type=\"column\" data-e-type=\"column\">\n\t\t\t<div class=\"elementor-widget-wrap elementor-element-populated\">\n\t\t\t\t\t\t<div class=\"elementor-element elementor-element-e3b0b12 elementor-widget elementor-widget-eael-adv-tabs\" data-id=\"e3b0b12\" data-element_type=\"widget\" data-e-type=\"widget\" data-widget_type=\"eael-adv-tabs.default\">\n\t\t\t\t<div class=\"elementor-widget-container\">\n\t\t\t\t\t        <div data-scroll-on-click=\"no\" data-scroll-speed=\"300\" id=\"eael-advance-tabs-e3b0b12\" class=\"eael-advance-tabs eael-tabs-horizontal eael-tab-auto-active  responsive-vertical-layout\" data-tabid=\"e3b0b12\">\n            <div class=\"eael-tabs-nav\">\n                <ul class=\"eael-tab-inline-icon\" role=\"tablist\">\n                                            <li id=\"arien\" class=\"inactive eael-tab-item-trigger eael-tab-nav-item\" aria-selected=\"true\" data-tab=\"1\" role=\"tab\" tabindex=\"0\" aria-controls=\"arien-tab\" aria-expanded=\"false\">\n                            \n                                                                <i class=\"fas fa-plane\"><\/i>                                                            \n                                                            <span class=\"eael-tab-title title-after-icon\" >Aerial<\/span>                            \n                                                    <\/li>\n                                            <li id=\"maritime\" class=\"inactive eael-tab-item-trigger eael-tab-nav-item\" aria-selected=\"false\" data-tab=\"2\" role=\"tab\" tabindex=\"-1\" aria-controls=\"maritime-tab\" aria-expanded=\"false\">\n                            \n                                                                <i class=\"fas fa-water\"><\/i>                                                            \n                                                            <span class=\"eael-tab-title title-after-icon\" >Maritime<\/span>                            \n                                                    <\/li>\n                                            <li id=\"route\" class=\"inactive eael-tab-item-trigger eael-tab-nav-item\" aria-selected=\"false\" data-tab=\"3\" role=\"tab\" tabindex=\"-1\" aria-controls=\"route-tab\" aria-expanded=\"false\">\n                            \n                                                                <i class=\"fas fa-truck\"><\/i>                                                            \n                                                            <span class=\"eael-tab-title title-after-icon\" >Road<\/span>                            \n                                                    <\/li>\n                                            <li id=\"ferroviaire\" class=\"inactive eael-tab-item-trigger eael-tab-nav-item\" aria-selected=\"false\" data-tab=\"4\" role=\"tab\" tabindex=\"-1\" aria-controls=\"ferroviaire-tab\" aria-expanded=\"false\">\n                            \n                                                                <i class=\"fas fa-train\"><\/i>                                                            \n                                                            <span class=\"eael-tab-title title-after-icon\" >Railway<\/span>                            \n                                                    <\/li>\n                    \n                                  <\/ul>\n            <\/div>\n            \n            <div class=\"eael-tabs-content\">\n\t\t        \n                    <div id=\"arien-tab\" class=\"clearfix eael-tab-content-item inactive\" data-title-link=\"arien-tab\">\n\t\t\t\t        <p>Air transport is ideal for urgent or high value shipments. We have agreements with the major airlines to provide you with quality and reliable service. We also offer storage and distribution solutions for shipments of goods in transit<\/p>                    <\/div>\n\t\t        \n                    <div id=\"maritime-tab\" class=\"clearfix eael-tab-content-item inactive\" data-title-link=\"maritime-tab\">\n\t\t\t\t        <p>Le transport maritime est le moyen le plus \u00e9conomique et le plus \u00e9cologique de transporter des marchandises en vrac ou de grandes quantit\u00e9s. Nous travaillons avec les principaux op\u00e9rateurs de ligne et les compagnies maritimes pour offrir des solutions compl\u00e8tes de transport maritime. Nous offrons \u00e9galement des services de gestion de la cha\u00eene d&#8217;approvisionnement pour aider nos clients \u00e0 optimiser leur cha\u00eene d&#8217;approvisionnement maritime.<\/p>                    <\/div>\n\t\t        \n                    <div id=\"route-tab\" class=\"clearfix eael-tab-content-item inactive\" data-title-link=\"route-tab\">\n\t\t\t\t        <p>Road transport is the most common way to move goods across borders. We have agreements with major trucking companies to provide quality trucking solutions to our customers. We also offer storage and distribution solutions for shipments of goods in transit.<\/p>                    <\/div>\n\t\t        \n                    <div id=\"ferroviaire-tab\" class=\"clearfix eael-tab-content-item inactive\" data-title-link=\"ferroviaire-tab\">\n\t\t\t\t        <p>Le transport ferroviaire est un moyen \u00e9conomique et \u00e9cologique de transporter des marchandises \u00e0 travers les fronti\u00e8res. Nous avons des accords avec les principaux op\u00e9rateurs ferroviaires pour offrir des solutions de transport ferroviaire fiables \u00e0 nos clients. Nous offrons \u00e9galement des services de gestion de la cha\u00eene d&#8217;approvisionnement pour aider nos clients \u00e0 optimiser leur cha\u00eene d&#8217;approvisionnement ferroviaire.<\/p>                    <\/div>\n\t\t                    <\/div>\n        <\/div>\n\t\t\t\t<\/div>\n\t\t\t\t<\/div>\n\t\t\t\t\t<\/div>\n\t\t<\/div>\n\t\t\t\t\t<\/div>\n\t\t<\/section>\n\t\t\t\t<\/div>","protected":false},"excerpt":{"rendered":"<p>Transport Multimodal Notre service de transport multimodal est con\u00e7u pour faciliter le transport de marchandises \u00e0 travers le monde. Nous offrons des solutions de transport a\u00e9rien, maritime, routier et ferroviaire pour r\u00e9pondre aux besoins de nos clients en mati\u00e8re de transport. Nous travaillons en \u00e9troite collaboration avec les transporteurs pour assurer que vos marchandises arrivent &#8230; <a title=\"Transport multimodal\" class=\"read-more\" href=\"https:\/\/ngmlogistics.com\/en\/transport-multimodal\/\" aria-label=\"Read more about Transport multimodal\">Read more<\/a><\/p>","protected":false},"author":1,"featured_media":0,"parent":0,"menu_order":0,"comment_status":"closed","ping_status":"closed","template":"elementor_header_footer","meta":{"footnotes":""},"class_list":["post-424","page","type-page","status-publish"],"aioseo_notices":[],"_links":{"self":[{"href":"https:\/\/ngmlogistics.com\/en\/wp-json\/wp\/v2\/pages\/424","targetHints":{"allow":["GET"]}}],"collection":[{"href":"https:\/\/ngmlogistics.com\/en\/wp-json\/wp\/v2\/pages"}],"about":[{"href":"https:\/\/ngmlogistics.com\/en\/wp-json\/wp\/v2\/types\/page"}],"author":[{"embeddable":true,"href":"https:\/\/ngmlogistics.com\/en\/wp-json\/wp\/v2\/users\/1"}],"replies":[{"embeddable":true,"href":"https:\/\/ngmlogistics.com\/en\/wp-json\/wp\/v2\/comments?post=424"}],"version-history":[{"count":37,"href":"https:\/\/ngmlogistics.com\/en\/wp-json\/wp\/v2\/pages\/424\/revisions"}],"predecessor-version":[{"id":893,"href":"https:\/\/ngmlogistics.com\/en\/wp-json\/wp\/v2\/pages\/424\/revisions\/893"}],"wp:attachment":[{"href":"https:\/\/ngmlogistics.com\/en\/wp-json\/wp\/v2\/media?parent=424"}],"curies":[{"name":"wp","href":"https:\/\/api.w.org\/{rel}","templated":true}]}}